{"id":4324,"date":"2021-10-15T09:22:11","date_gmt":"2021-10-15T06:22:11","guid":{"rendered":"https:\/\/jtl-control.medialuotsidemot.fi\/?page_id=4324"},"modified":"2025-04-15T12:41:02","modified_gmt":"2025-04-15T09:41:02","slug":"teknologitjanster","status":"publish","type":"page","link":"https:\/\/jtl-control.fi\/sv\/teknologitjanster\/","title":{"rendered":"Teknologitj\u00e4nster"},"content":{"rendered":"\r\n\r\n<section class=\"hero site-banner banner-bg-image section-default default alignfull image\">\r\n\r\n    <div class=\"site-banner-bg section-bg-image \" >\r\n\r\n        <img loading=\"lazy\" decoding=\"async\" width=\"2560\" height=\"1703\" src=\"https:\/\/jtl-control.fi\/wp-content\/uploads\/2025\/04\/laptop-planning.jpg\" class=\"attachment-1536\u00d71536 size-1536\u00d71536\" alt=\"\" srcset=\"https:\/\/jtl-control.fi\/wp-content\/uploads\/2025\/04\/laptop-planning.jpg 2560w, https:\/\/jtl-control.fi\/wp-content\/uploads\/2025\/04\/laptop-planning-300x200.jpg 300w, https:\/\/jtl-control.fi\/wp-content\/uploads\/2025\/04\/laptop-planning-1024x681.jpg 1024w, https:\/\/jtl-control.fi\/wp-content\/uploads\/2025\/04\/laptop-planning-768x511.jpg 768w, https:\/\/jtl-control.fi\/wp-content\/uploads\/2025\/04\/laptop-planning-1536x1022.jpg 1536w, https:\/\/jtl-control.fi\/wp-content\/uploads\/2025\/04\/laptop-planning-2048x1362.jpg 2048w\" sizes=\"auto, (max-width: 2560px) 100vw, 2560px\" \/>\r\n        \r\n            <div class=\"site-banner-content container\">\r\n                <div class=\"row w-100\">\r\n                    <div class=\"col-12\">\r\n\r\n                        <h1 class=\"hero-title\">Teknologitj\u00e4nster<\/h1><div class=\"inner-content\">\r\n                            <div class=\"acf-innerblocks-container\"><\/div>\r\n                        <\/div>                    <\/div>\r\n                <\/div>\r\n            <\/div>\r\n        \r\n        <\/div><\/section>\n\n<div class=\"image-and-text wp-block has-media-on-the-right\">\r\n<div class=\"row\">\r\n    <div class=\"col-12 col-md-5 image-col\">\r\n\r\n        <img loading=\"lazy\" decoding=\"async\" width=\"800\" height=\"422\" src=\"https:\/\/jtl-control.fi\/wp-content\/uploads\/2025\/04\/electronics-factory-1024x540.jpg\" class=\"attachment-large size-large\" alt=\"\" srcset=\"https:\/\/jtl-control.fi\/wp-content\/uploads\/2025\/04\/electronics-factory-1024x540.jpg 1024w, https:\/\/jtl-control.fi\/wp-content\/uploads\/2025\/04\/electronics-factory-300x158.jpg 300w, https:\/\/jtl-control.fi\/wp-content\/uploads\/2025\/04\/electronics-factory-768x405.jpg 768w, https:\/\/jtl-control.fi\/wp-content\/uploads\/2025\/04\/electronics-factory-1536x810.jpg 1536w, https:\/\/jtl-control.fi\/wp-content\/uploads\/2025\/04\/electronics-factory-2048x1080.jpg 2048w\" sizes=\"auto, (max-width: 800px) 100vw, 800px\" \/>    <\/div>\r\n\r\n    <div class=\"col-12 col-md-7 text-col\"><div class=\"acf-innerblocks-container\">\n\n<h2 class=\"wp-block-heading\">Experttj\u00e4nster<\/h2>\n\n\n\n<p>V\u00e5ra experter hj\u00e4lper dig att s\u00e4kerst\u00e4lla p\u00e5litliga leveranser, effektiva processer och funktionss\u00e4kerhet hos utrustningen.<\/p>\n\n\n\n<p><strong>Driftledningstj\u00e4nster f\u00f6r elutrustning (Elbeh\u00f6righet 1, S1):<\/strong>&nbsp;vi ser till att dina elanordningar fungerar tillf\u00f6rlitligt och att de \u00e4r s\u00e4kra och lagenliga<\/p>\n\n\n\n<p><strong>Konsultation:<\/strong>&nbsp;vi fungerar som experter mellan k\u00f6pare och leverant\u00f6rer i el- och automationsupphandlingar<\/p>\n\n\n\n<p><strong>Projektledning:<\/strong>&nbsp;v\u00e5ra internationellt erfarna projektledare slutf\u00f6r dina projekt p\u00e5 ett kostnadseffektivt s\u00e4tt<\/p>\n\n\n\n<p><strong>Monterings\u00f6vervakning:<\/strong>&nbsp;v\u00e5ra yrkeskunniga och samarbetsvilliga monterings\u00f6vervakare kontrollerar att dina installationer lyckas var som helst i v\u00e4rlden<\/p>\n\n<\/div>\r\n<\/div>\r\n<\/div>\r\n<\/div>\n\n<div class=\"image-and-text wp-block has-media-on-the-left\">\r\n<div class=\"row\">\r\n    <div class=\"col-12 col-md-5 image-col\">\r\n\r\n        <img loading=\"lazy\" decoding=\"async\" width=\"800\" height=\"534\" src=\"https:\/\/jtl-control.fi\/wp-content\/uploads\/2025\/04\/robo-emgineer-1024x683.jpg\" class=\"attachment-large size-large\" alt=\"\" srcset=\"https:\/\/jtl-control.fi\/wp-content\/uploads\/2025\/04\/robo-emgineer-1024x683.jpg 1024w, https:\/\/jtl-control.fi\/wp-content\/uploads\/2025\/04\/robo-emgineer-300x200.jpg 300w, https:\/\/jtl-control.fi\/wp-content\/uploads\/2025\/04\/robo-emgineer-768x512.jpg 768w, https:\/\/jtl-control.fi\/wp-content\/uploads\/2025\/04\/robo-emgineer-1536x1024.jpg 1536w, https:\/\/jtl-control.fi\/wp-content\/uploads\/2025\/04\/robo-emgineer.jpg 2048w\" sizes=\"auto, (max-width: 800px) 100vw, 800px\" \/>    <\/div>\r\n\r\n    <div class=\"col-12 col-md-7 text-col\"><div class=\"acf-innerblocks-container\">\n\n<h2 class=\"wp-block-heading\">Planeringstj\u00e4nster<\/h2>\n\n\n\n<p>V\u00e5r planeringsservice hj\u00e4lper dig att utnyttja digitaliseringens f\u00f6rdelar och skapa ny tillv\u00e4xt genom industriellt internet (IoT). Det g\u00f6r att du kan effektivisera verksamheten och f\u00e5 tillg\u00e5ng till nya marknader, \u00e4ven globalt.<\/p>\n\n\n\n<p><strong>Idrifttagning:<\/strong>&nbsp;idrifttagning av maskiner och automationssystem \u00f6ver hela v\u00e4rlden<\/p>\n\n\n\n<p><strong>F\u00f6rplanering:<\/strong>&nbsp;f\u00f6rplaneringsmaterialet hj\u00e4lper dig n\u00e4r du ska fatta investeringsbeslut eller g\u00f6ra upp en budget<\/p>\n\n\n\n<p><strong>Elplanering:<\/strong>&nbsp;alla tj\u00e4nster inom elplanering f\u00f6r industrin<\/p>\n\n\n\n<p><strong>Automationsplanering:<\/strong>&nbsp;logik-, gr\u00e4nssnitts- och kontrollrumsprogrammering (PLC, HMI, SCADA), diagnostik, datainsamling, databaser, MES- och ERP-integration<\/p>\n\n<\/div>\r\n<\/div>\r\n<\/div>\r\n<\/div>\n\n<div class=\"image-and-text wp-block has-media-on-the-right\">\r\n<div class=\"row\">\r\n    <div class=\"col-12 col-md-5 image-col\">\r\n\r\n        <img loading=\"lazy\" decoding=\"async\" width=\"800\" height=\"395\" src=\"https:\/\/jtl-control.fi\/wp-content\/uploads\/2025\/04\/electrician-maintanance-1024x506.jpg\" class=\"attachment-large size-large\" alt=\"\" srcset=\"https:\/\/jtl-control.fi\/wp-content\/uploads\/2025\/04\/electrician-maintanance-1024x506.jpg 1024w, https:\/\/jtl-control.fi\/wp-content\/uploads\/2025\/04\/electrician-maintanance-300x148.jpg 300w, https:\/\/jtl-control.fi\/wp-content\/uploads\/2025\/04\/electrician-maintanance-768x380.jpg 768w, https:\/\/jtl-control.fi\/wp-content\/uploads\/2025\/04\/electrician-maintanance-1536x760.jpg 1536w, https:\/\/jtl-control.fi\/wp-content\/uploads\/2025\/04\/electrician-maintanance-2048x1013.jpg 2048w\" sizes=\"auto, (max-width: 800px) 100vw, 800px\" \/>    <\/div>\r\n\r\n    <div class=\"col-12 col-md-7 text-col\"><div class=\"acf-innerblocks-container\">\n\n<h2 class=\"wp-block-heading\">Monteringstj\u00e4nster<\/h2>\n\n\n\n<p>V\u00e5ra yrkeskunniga mont\u00f6rer ser till att monteringen lyckas enligt dina specifikationer.<\/p>\n\n\n\n<p><strong>Elinstallationer i explosiva utrymmen<\/strong><\/p>\n\n\n\n<p><strong>Elinstallationer f\u00f6r industrin<\/strong><\/p>\n\n\n\n<p><strong>Elinstallationer f\u00f6r maskinstationer inom markentreprenad<\/strong><\/p>\n\n\n\n<p><strong>Elektrifiering och produkter f\u00f6r tunnel- och gruvarbetsplatser<\/strong><\/p>\n\n<\/div>\r\n<\/div>\r\n<\/div>\r\n<\/div>\n\n<div class=\"image-and-text wp-block has-media-on-the-left\">\r\n<div class=\"row\">\r\n    <div class=\"col-12 col-md-5 image-col\">\r\n\r\n        <img loading=\"lazy\" decoding=\"async\" width=\"800\" height=\"534\" src=\"https:\/\/jtl-control.fi\/wp-content\/uploads\/2025\/04\/electrician-maintanance2-1024x683.jpg\" class=\"attachment-large size-large\" alt=\"\" srcset=\"https:\/\/jtl-control.fi\/wp-content\/uploads\/2025\/04\/electrician-maintanance2-1024x683.jpg 1024w, https:\/\/jtl-control.fi\/wp-content\/uploads\/2025\/04\/electrician-maintanance2-300x200.jpg 300w, https:\/\/jtl-control.fi\/wp-content\/uploads\/2025\/04\/electrician-maintanance2-768x512.jpg 768w, https:\/\/jtl-control.fi\/wp-content\/uploads\/2025\/04\/electrician-maintanance2-1536x1024.jpg 1536w, https:\/\/jtl-control.fi\/wp-content\/uploads\/2025\/04\/electrician-maintanance2-2048x1366.jpg 2048w\" sizes=\"auto, (max-width: 800px) 100vw, 800px\" \/>    <\/div>\r\n\r\n    <div class=\"col-12 col-md-7 text-col\"><div class=\"acf-innerblocks-container\">\n\n<h2 class=\"wp-block-heading\">Underh\u00e5llstj\u00e4nster<\/h2>\n\n\n\n<p>Maximera produktiviteten! Vi ser till att din verksamhet fungerar utan st\u00f6rningar. V\u00e5ra underh\u00e5llstj\u00e4nster minimerar processavbrott och f\u00f6rseningar. V\u00e5ra m\u00e5nga samarbetspartner anv\u00e4nder v\u00e5ra tj\u00e4nster f\u00f6r att s\u00e4kerst\u00e4lla att produktionen fungerar och f\u00f6r att \u00f6ka l\u00f6nsamheten.<\/p>\n\n\n\n<p><strong>Servicetj\u00e4nster f\u00f6r kompensationsutrustning:<\/strong>&nbsp;ta ansvar, var energieffektiv<\/p>\n\n\n\n<p><strong>Service och underh\u00e5ll:<\/strong>&nbsp;systematiskt underh\u00e5ll ger \u00f6kad funktionss\u00e4kerhet<\/p>\n\n\n\n<p><strong>Beredskapstj\u00e4nster med responstid:<\/strong>&nbsp;minimera f\u00f6rlusterna, \u00f6ka l\u00f6nsamheten<\/p>\n\n<\/div>\r\n<\/div>\r\n<\/div>\r\n<\/div>\n\n<div class=\"image-and-text wp-block has-media-on-the-right\">\r\n<div class=\"row\">\r\n    <div class=\"col-12 col-md-5 image-col\">\r\n\r\n        <img loading=\"lazy\" decoding=\"async\" width=\"800\" height=\"448\" src=\"https:\/\/jtl-control.fi\/wp-content\/uploads\/2025\/04\/close-up-overload-1024x573.jpg\" class=\"attachment-large size-large\" alt=\"\" srcset=\"https:\/\/jtl-control.fi\/wp-content\/uploads\/2025\/04\/close-up-overload-1024x573.jpg 1024w, https:\/\/jtl-control.fi\/wp-content\/uploads\/2025\/04\/close-up-overload-300x168.jpg 300w, https:\/\/jtl-control.fi\/wp-content\/uploads\/2025\/04\/close-up-overload-768x430.jpg 768w, https:\/\/jtl-control.fi\/wp-content\/uploads\/2025\/04\/close-up-overload-1536x860.jpg 1536w, https:\/\/jtl-control.fi\/wp-content\/uploads\/2025\/04\/close-up-overload-2048x1146.jpg 2048w\" sizes=\"auto, (max-width: 800px) 100vw, 800px\" \/>    <\/div>\r\n\r\n    <div class=\"col-12 col-md-7 text-col\"><div class=\"acf-innerblocks-container\">\n\n<h2 class=\"wp-block-heading\">Elkomponenter och kompensationssystem<\/h2>\n\n\n\n<p>Hos oss f\u00e5r du snabbt och s\u00e4kert h\u00f6gklassiga el- och automationskomponenter n\u00e4r du beh\u00f6ver reservdelar.<br><\/p>\n\n\n\n<p>Vi hj\u00e4lper dig att skona milj\u00f6n och f\u00e5 b\u00e4ttre energieffektivitet. Vi levererar kompensationssystem f\u00f6r energieffektiv produktion. Genom kompensationen \u00f6kar du eln\u00e4tets kapacitet och uppn\u00e5r ekonomiska f\u00f6rdelar. Vi s\u00e4ljer kompensationsutrustning och tillbeh\u00f6r fr\u00e5n Frako.<\/p>\n\n<\/div>\r\n<\/div>\r\n<\/div>\r\n<\/div>\n\n\n<div class=\"wp-block-cover alignfull is-light has-parallax is-style-default\"><span aria-hidden=\"true\" class=\"wp-block-cover__background has-light-gray-background-color has-background-dim-70 has-background-dim\"><\/span><div class=\"wp-block-cover__image-background wp-image-4373 has-parallax\" style=\"background-position:50% 50%;background-image:url(https:\/\/jtl-control.fi\/wp-content\/uploads\/2025\/04\/electrician-helmet.jpg)\"><\/div><div class=\"wp-block-cover__inner-container is-layout-flow wp-block-cover-is-layout-flow\">\n<h2 class=\"wp-block-heading has-text-align-center has-black-color has-text-color has-x-large-font-size\">Quality. Success.&nbsp;All in control.<\/h2>\n\n\n\n<div class=\"wp-block-buttons mb-0 mt-3 is-content-justification-center is-layout-flex wp-container-core-buttons-is-layout-28206b41 wp-block-buttons-is-layout-flex\">\n<div class=\"wp-block-button is-style-fill\"><a class=\"wp-block-button__link wp-element-button\" href=\"https:\/\/jtl-control.fi\/sv\/kontakt-oss\/\">Kontakt Oss<\/a><\/div>\n<\/div>\n<\/div><\/div>\n","protected":false},"excerpt":{"rendered":"","protected":false},"author":1,"featured_media":0,"parent":0,"menu_order":2,"comment_status":"closed","ping_status":"closed","template":"","meta":{"_acf_changed":false,"inline_featured_image":false,"footnotes":""},"class_list":["post-4324","page","type-page","status-publish","hentry"],"acf":[],"aioseo_notices":[],"_links":{"self":[{"href":"https:\/\/jtl-control.fi\/sv\/wp-json\/wp\/v2\/pages\/4324","targetHints":{"allow":["GET"]}}],"collection":[{"href":"https:\/\/jtl-control.fi\/sv\/wp-json\/wp\/v2\/pages"}],"about":[{"href":"https:\/\/jtl-control.fi\/sv\/wp-json\/wp\/v2\/types\/page"}],"author":[{"embeddable":true,"href":"https:\/\/jtl-control.fi\/sv\/wp-json\/wp\/v2\/users\/1"}],"replies":[{"embeddable":true,"href":"https:\/\/jtl-control.fi\/sv\/wp-json\/wp\/v2\/comments?post=4324"}],"version-history":[{"count":0,"href":"https:\/\/jtl-control.fi\/sv\/wp-json\/wp\/v2\/pages\/4324\/revisions"}],"wp:attachment":[{"href":"https:\/\/jtl-control.fi\/sv\/wp-json\/wp\/v2\/media?parent=4324"}],"curies":[{"name":"wp","href":"https:\/\/api.w.org\/{rel}","templated":true}]}}